{"id":14,"date":"2016-03-28T16:46:12","date_gmt":"2016-03-28T16:46:12","guid":{"rendered":"http:\/\/www.ludicon.com.br\/?page_id=14"},"modified":"2020-01-20T19:38:26","modified_gmt":"2020-01-20T19:38:26","slug":"prototipagem","status":"publish","type":"page","link":"https:\/\/www.ludicon.com.br\/index.php\/prototipagem\/","title":{"rendered":"Prototipagem"},"content":{"rendered":"<p class=\"western\">Prototipagem \u00e9&nbsp;um processo interativo entre projetista e cliente que parte de uma ideia, sugere, cria e testa diversos modelos, corrige imperfei\u00e7\u00f5es detectadas nos modelos e aprimora o design e a constru\u00e7\u00e3o de um objeto por meio de sucessivas&nbsp;itera\u00e7\u00f5es&nbsp;at\u00e9 atingir o est\u00e1gio desejado de aperfei\u00e7oamento e usabilidade, quando ent\u00e3o esse objeto pode passar a ser produzido em escala.<\/p>\n<div id=\"attachment_894\" style=\"width: 2570px\" class=\"wp-caption aligncenter\"><img loading=\"lazy\" decoding=\"async\" aria-describedby=\"caption-attachment-894\" class=\"wp-image-894 size-full\" src=\"http:\/\/www.ludicon.com.br\/wp-content\/uploads\/Prototipagem-scaled.jpg\" alt=\"\" width=\"2560\" height=\"1706\" srcset=\"https:\/\/www.ludicon.com.br\/wp-content\/uploads\/Prototipagem-scaled.jpg 2560w, https:\/\/www.ludicon.com.br\/wp-content\/uploads\/Prototipagem-300x200.jpg 300w, https:\/\/www.ludicon.com.br\/wp-content\/uploads\/Prototipagem-1024x683.jpg 1024w, https:\/\/www.ludicon.com.br\/wp-content\/uploads\/Prototipagem-1536x1024.jpg 1536w, https:\/\/www.ludicon.com.br\/wp-content\/uploads\/Prototipagem-2048x1365.jpg 2048w\" sizes=\"auto, (max-width: 2560px) 100vw, 2560px\" \/><p id=\"caption-attachment-894\" class=\"wp-caption-text\">Prototipagem: do conceito ao produto.<\/p><\/div>\n<p class=\"western\">A Prototipagem envolve diversas \u00e1reas de conhecimento, e frequentemente implica no estudo e&nbsp;aquisi\u00e7\u00e3o de novos conhecimentos para oferecer o necess\u00e1rio suporte ao processo de desenvolvimento de um determinado projeto, e \u00e9 isso que a torna uma atividade t\u00e3o interessante e envolvente.<\/p>\n<p class=\"western\">Em um mesmo projeto \u00e9 frequentemente necess\u00e1rio agregar conhecimentos t\u00e3o distantes quanto tipos de pl\u00e1sticos e adesivos, modelos de parafusos e sistemas de fixa\u00e7\u00e3o, sistemas de montagem em s\u00e9rie que sejam vi\u00e1veis economicamente, veda\u00e7\u00e3o, preven\u00e7\u00e3o de erros de montador e operador incorporados ao projeto, diferentes op\u00e7\u00f5es de custo\/benef\u00edcio para um mesmo aspecto do projeto, facilidade de manuten\u00e7\u00e3o em campo, etc.<\/p>\n<p class=\"western\">A partir da informa\u00e7\u00e3o fornecida e discutida com o cliente (desenhos, esquemas, fotos ou o pr\u00f3prio hardware, como no exemplo abaixo), \u00e9 feita uma modelagem b\u00e1sica dos componentes em 3D individualmente, com dimens\u00f5es precisas, de modo que cada parte possa ser facilmente modificada, movimentada ou exclu\u00edda do projeto. Isto feito, cria-se uma primeira proposta que \u00e9 ent\u00e3o mostrada ao cliente e discutida, iniciando o processo iterativo que culminar\u00e1 com o prot\u00f3tipo final.<\/p>\n<p class=\"western\">O software a ser utilizado depende da natureza do projeto, ilustraremos aqui o inicio do desenvolvimento de um prot\u00f3tipo real (com a autoriza\u00e7\u00e3o do cliente) mediante o uso do CAD e de um software de Modelagem Param\u00e9trica, no caso o Cubify Design, com o apoio da impressora 3D.<\/p>\n<div id=\"attachment_202\" style=\"width: 1392px\" class=\"wp-caption aligncenter\"><img loading=\"lazy\" decoding=\"async\" aria-describedby=\"caption-attachment-202\" class=\"wp-image-202 size-full\" src=\"http:\/\/www.ludicon.com.br\/wp-content\/uploads\/Hardware-do-prot\u00f3tipo.jpg\" alt=\"Hardware do prot\u00f3tipo\" width=\"1382\" height=\"1036\" srcset=\"https:\/\/www.ludicon.com.br\/wp-content\/uploads\/Hardware-do-prot\u00f3tipo.jpg 1382w, https:\/\/www.ludicon.com.br\/wp-content\/uploads\/Hardware-do-prot\u00f3tipo-300x225.jpg 300w, https:\/\/www.ludicon.com.br\/wp-content\/uploads\/Hardware-do-prot\u00f3tipo-1024x768.jpg 1024w\" sizes=\"auto, (max-width: 1382px) 100vw, 1382px\" \/><p id=\"caption-attachment-202\" class=\"wp-caption-text\">Hardware do prot\u00f3tipo fornecido pelo cliente<\/p><\/div>\n<p class=\"western\">O modo &#8220;wireframe&#8221; do CAD permite visualizar tanto o interior quanto o exterior do objeto, mas nem sempre \u00e9 f\u00e1cil de compreender para quem n\u00e3o est\u00e1 acostumado a interpretar esse tipo de representa\u00e7\u00e3o.<\/p>\n<div id=\"attachment_206\" style=\"width: 1020px\" class=\"wp-caption aligncenter\"><img loading=\"lazy\" decoding=\"async\" aria-describedby=\"caption-attachment-206\" class=\"size-full wp-image-206\" src=\"http:\/\/www.ludicon.com.br\/wp-content\/uploads\/Prototipo-1-A.jpg\" alt=\"Diagrama do prot\u00f3tipo em &quot;wireframe &quot;\" width=\"1010\" height=\"606\" srcset=\"https:\/\/www.ludicon.com.br\/wp-content\/uploads\/Prototipo-1-A.jpg 1010w, https:\/\/www.ludicon.com.br\/wp-content\/uploads\/Prototipo-1-A-300x180.jpg 300w\" sizes=\"auto, (max-width: 1010px) 100vw, 1010px\" \/><p id=\"caption-attachment-206\" class=\"wp-caption-text\">Diagrama do hardware e do&nbsp;prot\u00f3tipo em &#8220;wireframe &#8220;<\/p><\/div>\n<p class=\"western\">O modo &#8220;shaded&#8221; oferece algum conforto visual para o estudo do projeto, mas ainda n\u00e3o \u00e9 o ideal.<\/p>\n<div id=\"attachment_205\" style=\"width: 1693px\" class=\"wp-caption aligncenter\"><img loading=\"lazy\" decoding=\"async\" aria-describedby=\"caption-attachment-205\" class=\"wp-image-205 size-full\" src=\"http:\/\/www.ludicon.com.br\/wp-content\/uploads\/Prototipo-2-A.jpg\" alt=\"Visualiza\u00e7\u00e3o renderizada\" width=\"1683\" height=\"1011\" srcset=\"https:\/\/www.ludicon.com.br\/wp-content\/uploads\/Prototipo-2-A.jpg 1683w, https:\/\/www.ludicon.com.br\/wp-content\/uploads\/Prototipo-2-A-300x180.jpg 300w, https:\/\/www.ludicon.com.br\/wp-content\/uploads\/Prototipo-2-A-1024x615.jpg 1024w\" sizes=\"auto, (max-width: 1683px) 100vw, 1683px\" \/><p id=\"caption-attachment-205\" class=\"wp-caption-text\">Visualiza\u00e7\u00e3o &#8220;shaded&#8221;<\/p><\/div>\n<p class=\"western\">Uma op\u00e7\u00e3o melhor \u00e9 o uso de um software de Modelagem Param\u00e9trica, como o Cubify Design, que permite o uso de transpar\u00eancias, vistas em corte e explodidas.<\/p>\n<div id=\"attachment_634\" style=\"width: 1690px\" class=\"wp-caption aligncenter\"><img loading=\"lazy\" decoding=\"async\" aria-describedby=\"caption-attachment-634\" class=\"size-full wp-image-634\" src=\"http:\/\/www.ludicon.com.br\/wp-content\/uploads\/Cubify-montagem-completa.jpg\" alt=\"\" width=\"1680\" height=\"1010\" srcset=\"https:\/\/www.ludicon.com.br\/wp-content\/uploads\/Cubify-montagem-completa.jpg 1680w, https:\/\/www.ludicon.com.br\/wp-content\/uploads\/Cubify-montagem-completa-300x180.jpg 300w, https:\/\/www.ludicon.com.br\/wp-content\/uploads\/Cubify-montagem-completa-1024x616.jpg 1024w\" sizes=\"auto, (max-width: 1680px) 100vw, 1680px\" \/><p id=\"caption-attachment-634\" class=\"wp-caption-text\">Cubify Design montagem completa<\/p><\/div>\n<div id=\"attachment_645\" style=\"width: 1690px\" class=\"wp-caption aligncenter\"><img loading=\"lazy\" decoding=\"async\" aria-describedby=\"caption-attachment-645\" class=\"size-full wp-image-645\" src=\"http:\/\/www.ludicon.com.br\/wp-content\/uploads\/Vista-em-corte.jpg\" alt=\"\" width=\"1680\" height=\"1010\" srcset=\"https:\/\/www.ludicon.com.br\/wp-content\/uploads\/Vista-em-corte.jpg 1680w, https:\/\/www.ludicon.com.br\/wp-content\/uploads\/Vista-em-corte-300x180.jpg 300w, https:\/\/www.ludicon.com.br\/wp-content\/uploads\/Vista-em-corte-1024x616.jpg 1024w\" sizes=\"auto, (max-width: 1680px) 100vw, 1680px\" \/><p id=\"caption-attachment-645\" class=\"wp-caption-text\">Cubify Design vista em corte<\/p><\/div>\n<div id=\"attachment_640\" style=\"width: 1690px\" class=\"wp-caption aligncenter\"><img loading=\"lazy\" decoding=\"async\" aria-describedby=\"caption-attachment-640\" class=\"wp-image-640 size-full\" src=\"http:\/\/www.ludicon.com.br\/wp-content\/uploads\/Vista-explodida-dos-componentes.jpg\" width=\"1680\" height=\"1010\" srcset=\"https:\/\/www.ludicon.com.br\/wp-content\/uploads\/Vista-explodida-dos-componentes.jpg 1680w, https:\/\/www.ludicon.com.br\/wp-content\/uploads\/Vista-explodida-dos-componentes-300x180.jpg 300w, https:\/\/www.ludicon.com.br\/wp-content\/uploads\/Vista-explodida-dos-componentes-1024x616.jpg 1024w\" sizes=\"auto, (max-width: 1680px) 100vw, 1680px\" \/><p id=\"caption-attachment-640\" class=\"wp-caption-text\">Cubify Design vista explodida<\/p><\/div>\n<p class=\"western\">Contudo, em muitos casos nem mesmo a renderiza\u00e7\u00e3o ou a vista em transpar\u00eancia oferecem uma experi\u00eancia adequada com o prot\u00f3tipo proposto, e \u00e9 ent\u00e3o que a impress\u00e3o 3D se mostra a ferramenta ideal, pois permite em pouco tempo e de forma muito econ\u00f4mica ter o prot\u00f3tipo em m\u00e3os, testar o hardware, o manuseio, visualizar sequ\u00eancias de montagem, etc.<\/p>\n<p class=\"western\">De posse do modelo 3D do prot\u00f3tipo, parte-se para uma primeira impress\u00e3o 3D do objeto parcial, afim de verificar os detalhes.<\/p>\n<div id=\"attachment_204\" style=\"width: 1020px\" class=\"wp-caption aligncenter\"><img loading=\"lazy\" decoding=\"async\" aria-describedby=\"caption-attachment-204\" class=\"size-full wp-image-204\" src=\"http:\/\/www.ludicon.com.br\/wp-content\/uploads\/Software-de-fatiamento-e-controle-da-impressora-3D.jpg\" alt=\"Software de fatiamento e controle da impressora 3D\" width=\"1010\" height=\"606\" srcset=\"https:\/\/www.ludicon.com.br\/wp-content\/uploads\/Software-de-fatiamento-e-controle-da-impressora-3D.jpg 1010w, https:\/\/www.ludicon.com.br\/wp-content\/uploads\/Software-de-fatiamento-e-controle-da-impressora-3D-300x180.jpg 300w\" sizes=\"auto, (max-width: 1010px) 100vw, 1010px\" \/><p id=\"caption-attachment-204\" class=\"wp-caption-text\">Software de fatiamento e controle da impressora 3D<\/p><\/div>\n<p class=\"western\">O fatiamento permite por vezes detectar problemas antes mesmo da impress\u00e3o, pois o programa permite examinar cada fatia individualmente.<\/p>\n<p class=\"western\">Com a impress\u00e3o 3D em m\u00e3os, pode-se ent\u00e3o proceder \u00e0 an\u00e1lise do primeiro prot\u00f3tipo, que de imediato revela alguns problemas no encaixe da placa.<\/p>\n<div id=\"attachment_663\" style=\"width: 1034px\" class=\"wp-caption aligncenter\"><img loading=\"lazy\" decoding=\"async\" aria-describedby=\"caption-attachment-663\" class=\"size-full wp-image-663\" src=\"http:\/\/www.ludicon.com.br\/wp-content\/uploads\/Alguns-ajustes-menores-1024x1024.jpg\" alt=\"\" width=\"1024\" height=\"768\" srcset=\"https:\/\/www.ludicon.com.br\/wp-content\/uploads\/Alguns-ajustes-menores-1024x1024.jpg 1024w, https:\/\/www.ludicon.com.br\/wp-content\/uploads\/Alguns-ajustes-menores-1024x1024-300x225.jpg 300w\" sizes=\"auto, (max-width: 1024px) 100vw, 1024px\" \/><p id=\"caption-attachment-663\" class=\"wp-caption-text\">Alguns ajustes menores no encaixe da placa e uma nova impress\u00e3o 3D<\/p><\/div>\n<p>Ap\u00f3s a revis\u00e3o e corre\u00e7\u00e3o desses detalhes, prepara-se um novo modelo e uma nova impress\u00e3o 3D, apenas da parte essencial.<\/p>\n<div id=\"attachment_212\" style=\"width: 839px\" class=\"wp-caption aligncenter\"><img loading=\"lazy\" decoding=\"async\" aria-describedby=\"caption-attachment-212\" class=\"size-full wp-image-212\" src=\"http:\/\/www.ludicon.com.br\/wp-content\/uploads\/Montagem.jpg\" alt=\"Montagem\" width=\"829\" height=\"621\" srcset=\"https:\/\/www.ludicon.com.br\/wp-content\/uploads\/Montagem.jpg 829w, https:\/\/www.ludicon.com.br\/wp-content\/uploads\/Montagem-300x225.jpg 300w\" sizes=\"auto, (max-width: 829px) 100vw, 829px\" \/><p id=\"caption-attachment-212\" class=\"wp-caption-text\">Montagem<\/p><\/div>\n<div id=\"attachment_211\" style=\"width: 978px\" class=\"wp-caption aligncenter\"><img loading=\"lazy\" decoding=\"async\" aria-describedby=\"caption-attachment-211\" class=\"size-full wp-image-211\" src=\"http:\/\/www.ludicon.com.br\/wp-content\/uploads\/Conjunto-montado-3.jpg\" alt=\"Conjunto montado\" width=\"968\" height=\"909\" srcset=\"https:\/\/www.ludicon.com.br\/wp-content\/uploads\/Conjunto-montado-3.jpg 968w, https:\/\/www.ludicon.com.br\/wp-content\/uploads\/Conjunto-montado-3-300x282.jpg 300w\" sizes=\"auto, (max-width: 968px) 100vw, 968px\" \/><p id=\"caption-attachment-211\" class=\"wp-caption-text\">Conjunto montado<\/p><\/div>\n<div id=\"attachment_209\" style=\"width: 790px\" class=\"wp-caption aligncenter\"><img loading=\"lazy\" decoding=\"async\" aria-describedby=\"caption-attachment-209\" class=\"size-large wp-image-209\" src=\"http:\/\/www.ludicon.com.br\/wp-content\/uploads\/Conjunto-montado-2-1024x813.jpg\" alt=\"Conjunto montado\" width=\"780\" height=\"619\" srcset=\"https:\/\/www.ludicon.com.br\/wp-content\/uploads\/Conjunto-montado-2-1024x813.jpg 1024w, https:\/\/www.ludicon.com.br\/wp-content\/uploads\/Conjunto-montado-2-300x238.jpg 300w, https:\/\/www.ludicon.com.br\/wp-content\/uploads\/Conjunto-montado-2.jpg 1031w\" sizes=\"auto, (max-width: 780px) 100vw, 780px\" \/><p id=\"caption-attachment-209\" class=\"wp-caption-text\">Conjunto montado<\/p><\/div>\n<div id=\"attachment_210\" style=\"width: 790px\" class=\"wp-caption aligncenter\"><img loading=\"lazy\" decoding=\"async\" aria-describedby=\"caption-attachment-210\" class=\"size-large wp-image-210\" src=\"http:\/\/www.ludicon.com.br\/wp-content\/uploads\/Conjunto-montado-1024x648.jpg\" alt=\"Conjunto montado\" width=\"780\" height=\"494\" srcset=\"https:\/\/www.ludicon.com.br\/wp-content\/uploads\/Conjunto-montado-1024x648.jpg 1024w, https:\/\/www.ludicon.com.br\/wp-content\/uploads\/Conjunto-montado-300x190.jpg 300w, https:\/\/www.ludicon.com.br\/wp-content\/uploads\/Conjunto-montado.jpg 1220w\" sizes=\"auto, (max-width: 780px) 100vw, 780px\" \/><p id=\"caption-attachment-210\" class=\"wp-caption-text\">Conjunto montado<\/p><\/div>\n<p>Via de regra, a precis\u00e3o da impress\u00e3o 3D est\u00e1 na casa da fra\u00e7\u00e3o de mil\u00edmetro, e portanto as toler\u00e2ncias dimensionais podem ser avaliadas corretamente&nbsp;ap\u00f3s a montagem, e corrigidas facilmente por meio de medi\u00e7\u00f5es diretas no prot\u00f3tipo, caso necess\u00e1rio.<\/p>\n<div id=\"attachment_208\" style=\"width: 790px\" class=\"wp-caption aligncenter\"><img loading=\"lazy\" decoding=\"async\" aria-describedby=\"caption-attachment-208\" class=\"size-large wp-image-208\" src=\"http:\/\/www.ludicon.com.br\/wp-content\/uploads\/Detalhe-do-encaixe-da-placa-1024x517.jpg\" alt=\"Detalhe do encaixe da placa\" width=\"780\" height=\"394\" srcset=\"https:\/\/www.ludicon.com.br\/wp-content\/uploads\/Detalhe-do-encaixe-da-placa-1024x517.jpg 1024w, https:\/\/www.ludicon.com.br\/wp-content\/uploads\/Detalhe-do-encaixe-da-placa-300x151.jpg 300w, https:\/\/www.ludicon.com.br\/wp-content\/uploads\/Detalhe-do-encaixe-da-placa.jpg 1084w\" sizes=\"auto, (max-width: 780px) 100vw, 780px\" \/><p id=\"caption-attachment-208\" class=\"wp-caption-text\">Detalhe do encaixe da placa<\/p><\/div>\n<p class=\"western\">Verificado que as partes mec\u00e2nicas internas se ajustam corretamente, decidiu-se por optar pela altera\u00e7\u00e3o no tipo de conector utilizado, mudando para um modelo menor, implicando em uma pequena altera\u00e7\u00e3o facilmente implementada.<\/p>\n<p class=\"western\">\u00c9 ent\u00e3o produzida uma nova impress\u00e3o em 3D, desta vez pelo processo SLA (resina), com alta precis\u00e3o dimensional, para assegurar que tudo se encaixa como previsto no projeto. Nessa fase j\u00e1 se incluem os elementos de design e a logomarca.<\/p>\n<div id=\"attachment_639\" style=\"width: 2564px\" class=\"wp-caption aligncenter\"><img loading=\"lazy\" decoding=\"async\" aria-describedby=\"caption-attachment-639\" class=\"wp-image-639 size-full\" src=\"http:\/\/www.ludicon.com.br\/wp-content\/uploads\/Prot\u00f3tipo-definitivo-e1488425120834.jpg\" width=\"2554\" height=\"1799\" srcset=\"https:\/\/www.ludicon.com.br\/wp-content\/uploads\/Prot\u00f3tipo-definitivo-e1488425120834.jpg 2554w, https:\/\/www.ludicon.com.br\/wp-content\/uploads\/Prot\u00f3tipo-definitivo-e1488425120834-300x211.jpg 300w, https:\/\/www.ludicon.com.br\/wp-content\/uploads\/Prot\u00f3tipo-definitivo-e1488425120834-1024x721.jpg 1024w\" sizes=\"auto, (max-width: 2554px) 100vw, 2554px\" \/><p id=\"caption-attachment-639\" class=\"wp-caption-text\">Prot\u00f3tipo definitivo em resina<\/p><\/div>\n<div id=\"attachment_638\" style=\"width: 4594px\" class=\"wp-caption aligncenter\"><img loading=\"lazy\" decoding=\"async\" aria-describedby=\"caption-attachment-638\" class=\"wp-image-638 size-full\" src=\"http:\/\/www.ludicon.com.br\/wp-content\/uploads\/Prot\u00f3tipo-definitivo-4-e1488425030487.jpg\" width=\"4584\" height=\"2096\" srcset=\"https:\/\/www.ludicon.com.br\/wp-content\/uploads\/Prot\u00f3tipo-definitivo-4-e1488425030487.jpg 4584w, https:\/\/www.ludicon.com.br\/wp-content\/uploads\/Prot\u00f3tipo-definitivo-4-e1488425030487-300x137.jpg 300w, https:\/\/www.ludicon.com.br\/wp-content\/uploads\/Prot\u00f3tipo-definitivo-4-e1488425030487-1024x468.jpg 1024w\" sizes=\"auto, (max-width: 4584px) 100vw, 4584px\" \/><p id=\"caption-attachment-638\" class=\"wp-caption-text\">Conectores menores instalados<\/p><\/div>\n<p class=\"western\">Uma tampa em INOX cortada a laser permite inclusive verificar a estanqueidade do conjunto, submergindo-o \u00e0 profundidade e pelo tempo especificado na Norma do \u00cdndice de Prote\u00e7\u00e3o desejado (no caso, IP 67\/68).<\/p>\n<div id=\"attachment_636\" style=\"width: 3085px\" class=\"wp-caption aligncenter\"><img loading=\"lazy\" decoding=\"async\" aria-describedby=\"caption-attachment-636\" class=\"wp-image-636 size-full\" src=\"http:\/\/www.ludicon.com.br\/wp-content\/uploads\/Prot\u00f3tipo-definitivo-2-e1488424933340.jpg\" width=\"3075\" height=\"1670\" srcset=\"https:\/\/www.ludicon.com.br\/wp-content\/uploads\/Prot\u00f3tipo-definitivo-2-e1488424933340.jpg 3075w, https:\/\/www.ludicon.com.br\/wp-content\/uploads\/Prot\u00f3tipo-definitivo-2-e1488424933340-300x163.jpg 300w, https:\/\/www.ludicon.com.br\/wp-content\/uploads\/Prot\u00f3tipo-definitivo-2-e1488424933340-1024x556.jpg 1024w\" sizes=\"auto, (max-width: 3075px) 100vw, 3075px\" \/><p id=\"caption-attachment-636\" class=\"wp-caption-text\">Teste da tampa cortada a laser<\/p><\/div>\n<p class=\"western\">Revisados todos os detalhes, a etapa final consiste em converter o arquivo 3D para o formato STEP, que \u00e9 como um formato padronizado de interc\u00e2mbio entre plataformas de projeto e de usinagem assistida por computador. Esse arquivo foi ent\u00e3o enviado a um fabricante especializado em inje\u00e7\u00e3o pl\u00e1stica na China, afim de produzir um molde e fabricar a pe\u00e7a por inje\u00e7\u00e3o em ABS cinza escuro.<\/p>\n<div id=\"attachment_648\" style=\"width: 1690px\" class=\"wp-caption aligncenter\"><img loading=\"lazy\" decoding=\"async\" aria-describedby=\"caption-attachment-648\" class=\"size-full wp-image-648\" src=\"http:\/\/www.ludicon.com.br\/wp-content\/uploads\/Arquivo-STEP.jpg\" alt=\"\" width=\"1680\" height=\"1010\" srcset=\"https:\/\/www.ludicon.com.br\/wp-content\/uploads\/Arquivo-STEP.jpg 1680w, https:\/\/www.ludicon.com.br\/wp-content\/uploads\/Arquivo-STEP-300x180.jpg 300w, https:\/\/www.ludicon.com.br\/wp-content\/uploads\/Arquivo-STEP-1024x616.jpg 1024w\" sizes=\"auto, (max-width: 1680px) 100vw, 1680px\" \/><p id=\"caption-attachment-648\" class=\"wp-caption-text\">Arquivo STEP enviado para o fabricante<\/p><\/div>\n<p class=\"western\">Ap\u00f3s o acerto dos detalhes necess\u00e1rios, o fabricante envia as primeiras amostras do produto final. Conferidas com as especifica\u00e7\u00f5es, pode-se finalmente iniciar a produ\u00e7\u00e3o em escala industrial do objeto.<\/p>\n<div id=\"attachment_633\" style=\"width: 4341px\" class=\"wp-caption aligncenter\"><img loading=\"lazy\" decoding=\"async\" aria-describedby=\"caption-attachment-633\" class=\"wp-image-633 size-full\" src=\"http:\/\/www.ludicon.com.br\/wp-content\/uploads\/Amostra-de-inje\u00e7\u00e3o-e1488424506507.jpg\" width=\"4331\" height=\"2465\" srcset=\"https:\/\/www.ludicon.com.br\/wp-content\/uploads\/Amostra-de-inje\u00e7\u00e3o-e1488424506507.jpg 4331w, https:\/\/www.ludicon.com.br\/wp-content\/uploads\/Amostra-de-inje\u00e7\u00e3o-e1488424506507-300x171.jpg 300w, https:\/\/www.ludicon.com.br\/wp-content\/uploads\/Amostra-de-inje\u00e7\u00e3o-e1488424506507-1024x583.jpg 1024w\" sizes=\"auto, (max-width: 4331px) 100vw, 4331px\" \/><p id=\"caption-attachment-633\" class=\"wp-caption-text\">Amostra de inje\u00e7\u00e3o antes da produ\u00e7\u00e3o em massa<\/p><\/div>\n<p>E finalmente chegamos ao produto final:<\/p>\n<div id=\"attachment_895\" style=\"width: 2570px\" class=\"wp-caption aligncenter\"><img loading=\"lazy\" decoding=\"async\" aria-describedby=\"caption-attachment-895\" class=\"wp-image-895 size-full\" src=\"http:\/\/www.ludicon.com.br\/wp-content\/uploads\/Prototipo-e-produto-scaled.jpg\" alt=\"\" width=\"2560\" height=\"1706\" srcset=\"https:\/\/www.ludicon.com.br\/wp-content\/uploads\/Prototipo-e-produto-scaled.jpg 2560w, https:\/\/www.ludicon.com.br\/wp-content\/uploads\/Prototipo-e-produto-300x200.jpg 300w, https:\/\/www.ludicon.com.br\/wp-content\/uploads\/Prototipo-e-produto-1024x683.jpg 1024w, https:\/\/www.ludicon.com.br\/wp-content\/uploads\/Prototipo-e-produto-1536x1024.jpg 1536w, https:\/\/www.ludicon.com.br\/wp-content\/uploads\/Prototipo-e-produto-2048x1365.jpg 2048w\" sizes=\"auto, (max-width: 2560px) 100vw, 2560px\" \/><p id=\"caption-attachment-895\" class=\"wp-caption-text\">Prot\u00f3tipo e produto lado a lado<\/p><\/div>\n<div id=\"attachment_897\" style=\"width: 2570px\" class=\"wp-caption aligncenter\"><img loading=\"lazy\" decoding=\"async\" aria-describedby=\"caption-attachment-897\" class=\"size-full wp-image-897\" src=\"http:\/\/www.ludicon.com.br\/wp-content\/uploads\/Produto-2-scaled.jpg\" alt=\"\" width=\"2560\" height=\"1706\" srcset=\"https:\/\/www.ludicon.com.br\/wp-content\/uploads\/Produto-2-scaled.jpg 2560w, https:\/\/www.ludicon.com.br\/wp-content\/uploads\/Produto-2-300x200.jpg 300w, https:\/\/www.ludicon.com.br\/wp-content\/uploads\/Produto-2-1024x683.jpg 1024w, https:\/\/www.ludicon.com.br\/wp-content\/uploads\/Produto-2-1536x1024.jpg 1536w, https:\/\/www.ludicon.com.br\/wp-content\/uploads\/Produto-2-2048x1365.jpg 2048w\" sizes=\"auto, (max-width: 2560px) 100vw, 2560px\" \/><p id=\"caption-attachment-897\" class=\"wp-caption-text\">Produto final montado<\/p><\/div>\n<div id=\"attachment_896\" style=\"width: 2570px\" class=\"wp-caption aligncenter\"><img loading=\"lazy\" decoding=\"async\" aria-describedby=\"caption-attachment-896\" class=\"size-full wp-image-896\" src=\"http:\/\/www.ludicon.com.br\/wp-content\/uploads\/Produto-scaled.jpg\" alt=\"\" width=\"2560\" height=\"1706\" srcset=\"https:\/\/www.ludicon.com.br\/wp-content\/uploads\/Produto-scaled.jpg 2560w, https:\/\/www.ludicon.com.br\/wp-content\/uploads\/Produto-300x200.jpg 300w, https:\/\/www.ludicon.com.br\/wp-content\/uploads\/Produto-1024x683.jpg 1024w, https:\/\/www.ludicon.com.br\/wp-content\/uploads\/Produto-1536x1024.jpg 1536w, https:\/\/www.ludicon.com.br\/wp-content\/uploads\/Produto-2048x1365.jpg 2048w\" sizes=\"auto, (max-width: 2560px) 100vw, 2560px\" \/><p id=\"caption-attachment-896\" class=\"wp-caption-text\">Vis\u00e3o interna do produto final<\/p><\/div>\n\n\n<p><\/p>\n","protected":false},"excerpt":{"rendered":"<p>Prototipagem \u00e9&nbsp;um processo interativo entre projetista e cliente que parte de uma ideia, sugere, cria e testa diversos modelos, corrige imperfei\u00e7\u00f5es detectadas nos modelos e aprimora o design e a constru\u00e7\u00e3o de um objeto por meio de sucessivas&nbsp;itera\u00e7\u00f5es&nbsp;at\u00e9 atingir o <a class=\"more-link\" href=\"https:\/\/www.ludicon.com.br\/index.php\/prototipagem\/\">Leia mais&#8230; &raquo;<\/a><\/p>\n","protected":false},"author":1,"featured_media":894,"parent":0,"menu_order":2,"comment_status":"closed","ping_status":"closed","template":"","meta":{"_exactmetrics_skip_tracking":false,"_exactmetrics_sitenote_active":false,"_exactmetrics_sitenote_note":"","_exactmetrics_sitenote_category":0,"footnotes":""},"class_list":["post-14","page","type-page","status-publish","has-post-thumbnail","hentry"],"_links":{"self":[{"href":"https:\/\/www.ludicon.com.br\/index.php\/wp-json\/wp\/v2\/pages\/14","targetHints":{"allow":["GET"]}}],"collection":[{"href":"https:\/\/www.ludicon.com.br\/index.php\/wp-json\/wp\/v2\/pages"}],"about":[{"href":"https:\/\/www.ludicon.com.br\/index.php\/wp-json\/wp\/v2\/types\/page"}],"author":[{"embeddable":true,"href":"https:\/\/www.ludicon.com.br\/index.php\/wp-json\/wp\/v2\/users\/1"}],"replies":[{"embeddable":true,"href":"https:\/\/www.ludicon.com.br\/index.php\/wp-json\/wp\/v2\/comments?post=14"}],"version-history":[{"count":62,"href":"https:\/\/www.ludicon.com.br\/index.php\/wp-json\/wp\/v2\/pages\/14\/revisions"}],"predecessor-version":[{"id":910,"href":"https:\/\/www.ludicon.com.br\/index.php\/wp-json\/wp\/v2\/pages\/14\/revisions\/910"}],"wp:featuredmedia":[{"embeddable":true,"href":"https:\/\/www.ludicon.com.br\/index.php\/wp-json\/wp\/v2\/media\/894"}],"wp:attachment":[{"href":"https:\/\/www.ludicon.com.br\/index.php\/wp-json\/wp\/v2\/media?parent=14"}],"curies":[{"name":"wp","href":"https:\/\/api.w.org\/{rel}","templated":true}]}}