{"id":16,"date":"2016-03-28T16:46:34","date_gmt":"2016-03-28T16:46:34","guid":{"rendered":"http:\/\/www.ludicon.com.br\/?page_id=16"},"modified":"2020-01-20T18:37:55","modified_gmt":"2020-01-20T18:37:55","slug":"projetos","status":"publish","type":"page","link":"https:\/\/www.ludicon.com.br\/index.php\/projetos\/","title":{"rendered":"Projetos"},"content":{"rendered":"<p>Executamos Projetos de pe\u00e7as em CAD 3D e em softwares de Modelagem Param\u00e9trica a partir de desenho, especifica\u00e7\u00e3o, amostra (ou at\u00e9 atrav\u00e9s de um bom bate-papo) e tamb\u00e9m fazemos a modelagem de objetos f\u00edsicos para impress\u00e3o em 3D.<\/p>\n<p>Utilizamos diversas ferramentas de software para a cria\u00e7\u00e3o\/manipula\u00e7\u00e3o de objetos em 3D, todas elas licenciadas ou gratuitas (n\u00e3o utilizamos nenhum software pirata), e as principais s\u00e3o mostradas aqui.<\/p>\n<p>Trabalhamos tamb\u00e9m com arquivos trazidos pelos pr\u00f3prios clientes. Efetuamos o reparo de arquivos de impress\u00e3o 3D (STL) defeituosos e subdivis\u00e3o de arquivos grandes para adequar ao tamanho m\u00e1ximo de constru\u00e7\u00e3o da impressora 3D. Dependendo tipo de arquivo original do cliente, podemos eventualmente efetuar a exporta\u00e7\u00e3o\u00a0dos formatos mais comuns para o formato de impress\u00e3o 3D.<\/p>\n<p><strong>Alguns dos softwares que utilizamos para projeto em 3D:<\/strong><\/p>\n<p>Cada fam\u00edlia de software tem um leque de caracter\u00edsticas que o torna mais adequado a uma fun\u00e7\u00e3o do que a outra. Utilizaremos uma pe\u00e7a impressa em 3D para ilustrar os diferentes softwares com os quais trabalhamos.<\/p>\n<div id=\"attachment_599\" style=\"width: 2783px\" class=\"wp-caption aligncenter\"><img loading=\"lazy\" decoding=\"async\" aria-describedby=\"caption-attachment-599\" class=\"size-full wp-image-599\" src=\"http:\/\/www.ludicon.com.br\/wp-content\/uploads\/Teste-de-conceito-1.jpg\" alt=\"\" width=\"2773\" height=\"2137\" srcset=\"https:\/\/www.ludicon.com.br\/wp-content\/uploads\/Teste-de-conceito-1.jpg 2773w, https:\/\/www.ludicon.com.br\/wp-content\/uploads\/Teste-de-conceito-1-300x231.jpg 300w, https:\/\/www.ludicon.com.br\/wp-content\/uploads\/Teste-de-conceito-1-1024x789.jpg 1024w\" sizes=\"auto, (max-width: 2773px) 100vw, 2773px\" \/><p id=\"caption-attachment-599\" class=\"wp-caption-text\">Pe\u00e7a-exemplo, impressa em 3D<\/p><\/div>\n<p><strong>Softwares estilo CAD :<\/strong><\/p>\n<p>Os softwares nos moldes do tradicional CAD s\u00e3o excelentes em termos de precis\u00e3o de posicionamento das diversas partes do projeto, oferecem grande facilidade nos trabalhos que demandam entrada direta de coordenadas espaciais, mas n\u00e3o s\u00e3o muito adequados a refinamentos est\u00e9ticos como chanfros, filetes e logomarcas em alto ou baixo relevo.<\/p>\n<p>Ademais, os projetos em CAD via de regra t\u00eam uma apar\u00eancia mais &#8220;dura&#8221; e, menos interativa. Transpar\u00eancias parciais n\u00e3o s\u00e3o poss\u00edveis na maioria dos softwares CAD, e portanto \u00e9 frequente que um projeto se pare\u00e7a mais como um emaranhado de linhas coloridas do que algo que um dia possa a ter exist\u00eancia f\u00edsica, e isso \u00e9 especialmente verdadeiro para quem n\u00e3o tem o h\u00e1bito de utilizar esse tipo de software. &#8220;Enxergar&#8221; os componentes por vezes n\u00e3o \u00e9 uma coisa f\u00e1cil, em especial quando s\u00e3o diversos componentes colocados um dentro do outro.<\/p>\n<p>O modo de vis\u00e3o &#8220;wireframe&#8221; (estrutura de arame) mostra todas as linhas do objeto, como se este fosse transparente, e \u00e9 a visualiza\u00e7\u00e3o mais r\u00e1pida e leve em termos de recursos de computa\u00e7\u00e3o, mas como exibe inclusive as linhas internas e traseiras do objeto, pode causar confus\u00e3o no observador n\u00e3o treinado. Como exemplo apresentamos o software CADian 2014, uma op\u00e7\u00e3o licenciada com um custo muito razo\u00e1vel em rela\u00e7\u00e3o aos CAD tradicionais.<\/p>\n<div id=\"attachment_586\" style=\"width: 1690px\" class=\"wp-caption aligncenter\"><img loading=\"lazy\" decoding=\"async\" aria-describedby=\"caption-attachment-586\" class=\"wp-image-586 size-full\" src=\"http:\/\/www.ludicon.com.br\/wp-content\/uploads\/CADian-2017-wireframe-1.jpg\" width=\"1680\" height=\"1010\" srcset=\"https:\/\/www.ludicon.com.br\/wp-content\/uploads\/CADian-2017-wireframe-1.jpg 1680w, https:\/\/www.ludicon.com.br\/wp-content\/uploads\/CADian-2017-wireframe-1-300x180.jpg 300w, https:\/\/www.ludicon.com.br\/wp-content\/uploads\/CADian-2017-wireframe-1-1024x616.jpg 1024w\" sizes=\"auto, (max-width: 1680px) 100vw, 1680px\" \/><p id=\"caption-attachment-586\" class=\"wp-caption-text\">CADian 2014 vis\u00e3o &#8220;wireframe&#8221;<\/p><\/div>\n<p>O modo &#8220;hidden lines&#8221; mostra apenas as linhas que estariam vis\u00edveis ao observador caso o objeto fosse opaco. Esse modo exige um pouco mais do computador, mas ainda \u00e9 muito r\u00e1pido e leve.<\/p>\n<div id=\"attachment_583\" style=\"width: 1690px\" class=\"wp-caption aligncenter\"><img loading=\"lazy\" decoding=\"async\" aria-describedby=\"caption-attachment-583\" class=\"size-full wp-image-583\" src=\"http:\/\/www.ludicon.com.br\/wp-content\/uploads\/CADian-2017-hiddden-lines-1.jpg\" alt=\"\" width=\"1680\" height=\"1010\" srcset=\"https:\/\/www.ludicon.com.br\/wp-content\/uploads\/CADian-2017-hiddden-lines-1.jpg 1680w, https:\/\/www.ludicon.com.br\/wp-content\/uploads\/CADian-2017-hiddden-lines-1-300x180.jpg 300w, https:\/\/www.ludicon.com.br\/wp-content\/uploads\/CADian-2017-hiddden-lines-1-1024x616.jpg 1024w\" sizes=\"auto, (max-width: 1680px) 100vw, 1680px\" \/><p id=\"caption-attachment-583\" class=\"wp-caption-text\">CADian 2014 vis\u00e3o &#8220;hiddden lines&#8221;<\/p><\/div>\n<p>Finalmente, o CAD pode apresentar objetos sombreados, como se fossem s\u00f3lidos. Essa apresenta\u00e7\u00e3o ainda permite manipular os objetos de\u00a0 forma din\u00e2mica, ou seja, girar, modificar zoom, deslocar a visualiza\u00e7\u00e3o ao longo da tela, etc., embora demande um bom hardware para que possa ser feita de maneira satisfat\u00f3ria.<\/p>\n<div id=\"attachment_585\" style=\"width: 1690px\" class=\"wp-caption aligncenter\"><img loading=\"lazy\" decoding=\"async\" aria-describedby=\"caption-attachment-585\" class=\"size-full wp-image-585\" src=\"http:\/\/www.ludicon.com.br\/wp-content\/uploads\/CADian-2017-shaded-1.jpg\" alt=\"\" width=\"1680\" height=\"1010\" srcset=\"https:\/\/www.ludicon.com.br\/wp-content\/uploads\/CADian-2017-shaded-1.jpg 1680w, https:\/\/www.ludicon.com.br\/wp-content\/uploads\/CADian-2017-shaded-1-300x180.jpg 300w, https:\/\/www.ludicon.com.br\/wp-content\/uploads\/CADian-2017-shaded-1-1024x616.jpg 1024w\" sizes=\"auto, (max-width: 1680px) 100vw, 1680px\" \/><p id=\"caption-attachment-585\" class=\"wp-caption-text\">CADian 2014 vis\u00e3o &#8220;shaded&#8221;<\/p><\/div>\n<p>Existe ainda a op\u00e7\u00e3o de renderiza\u00e7\u00e3o, mas ela s\u00f3 pode ser aplicada para formar uma imagem est\u00e1tica do objeto com finalidade de apresenta\u00e7\u00e3o. Essa forma de apresenta\u00e7\u00e3o \u00e9 extremamente &#8220;pesada&#8221;, e costuma levar v\u00e1rios minutos (\u00e0s vezes horas) mesmo em um computador potente.\u00c9 necess\u00e1rio definir previamente todos os detalhes da visualiza\u00e7\u00e3o que se deseja, incluindo ilumina\u00e7\u00e3o e materiais, pois uma vez gerada a renderiza\u00e7\u00e3o n\u00e3o pode ser modificada.<\/p>\n<div id=\"attachment_584\" style=\"width: 1690px\" class=\"wp-caption aligncenter\"><img loading=\"lazy\" decoding=\"async\" aria-describedby=\"caption-attachment-584\" class=\"size-full wp-image-584\" src=\"http:\/\/www.ludicon.com.br\/wp-content\/uploads\/CADian-2017-renderiza\u00e7\u00e3o-1.jpg\" alt=\"\" width=\"1680\" height=\"1010\" srcset=\"https:\/\/www.ludicon.com.br\/wp-content\/uploads\/CADian-2017-renderiza\u00e7\u00e3o-1.jpg 1680w, https:\/\/www.ludicon.com.br\/wp-content\/uploads\/CADian-2017-renderiza\u00e7\u00e3o-1-300x180.jpg 300w, https:\/\/www.ludicon.com.br\/wp-content\/uploads\/CADian-2017-renderiza\u00e7\u00e3o-1-1024x616.jpg 1024w\" sizes=\"auto, (max-width: 1680px) 100vw, 1680px\" \/><p id=\"caption-attachment-584\" class=\"wp-caption-text\">CADian 2014 renderiza\u00e7\u00e3o simples<\/p><\/div>\n<p>Modifica\u00e7\u00f5es em um projeto CAD n\u00e3o s\u00e3o facilmente implantadas, pois cada caracter\u00edstica que \u00e9 incorporada ao projeto passa a fazer parte do todo e perde sua individualidade, n\u00e3o sendo portanto edit\u00e1vel.<\/p>\n<p>Para criar um furo em um objeto modelado em CAD especifica-se centro e di\u00e2metro (pressupondo um furo de sec\u00e7\u00e3o circular), em seguida extrusa-se esse circulo at\u00e9 a profundidade desejada para o furo formando assim um cilindro, e finalmente esse cilindro \u00e9 &#8220;subtra\u00eddo&#8221; do objeto original.<\/p>\n<p>Esse furo torna-se ent\u00e3o uma parte do objeto, e para modificar o di\u00e2metro, a profundidade ou a posi\u00e7\u00e3o desse furo \u00e9 necess\u00e1rio &#8220;apagar&#8221; ou preencher o furo no modelo 3D e em seguida criar novamente o furo com as novas caracter\u00edsticas ou no novo local.<\/p>\n<p>Por outro lado, os chamados Softwares de Modelagem Param\u00e9trica geram um objeto na forma de uma sequ\u00eancia de instru\u00e7\u00f5es, e cada uma dessas instru\u00e7\u00f5es permanece uma entidade independente e audit\u00e1vel. Voltando ao exemplo do furo, se precisarmos alterar o di\u00e2metro ou a posi\u00e7\u00e3o de um furo basta simplesmente editar o &#8220;componente&#8221; furo e digitar o novo di\u00e2metro ou literalmente arrastar esse furo para o novo local. A modifica\u00e7\u00e3o ser\u00e1 implantada imediatamente ao se reexecutar a sequencia de instru\u00e7\u00f5es.<\/p>\n<p>Altera\u00e7\u00f5es de design, como chanfros, filetes e logomarcas\/texto em relevo s\u00e3o feitos em uma quest\u00e3o de segundos, e tamb\u00e9m permanecem edit\u00e1veis, sem falar na possibilidade de escultura direta, empurrando e puxando partes do objeto como se esse fosse feito de argila. Esses softwares permitem &#8220;enxergar&#8221; atrav\u00e9s das partes, ajustando o n\u00edvel de transpar\u00eancia desejado para cada componente, e dessa forma pode-se compreender facilmente montagens completas em uma olhada.<\/p>\n<p><strong>Alguns exemplos de Softwares de Modelagem Param\u00e9trica :<\/strong><\/p>\n<p>Provavelmente o software de modelagem 3D mais conhecido pelo publico em geral seja o Sketchup, que tem vers\u00f5es gratuitas e pagas (respectivamente Sketchup Make e Sketchup Pro). \u00c9 um software interessante pelo leque de op\u00e7\u00f5es de formatos e de plugins, mas \u00e9 voltado essencialmente para projetos de Arquitetura, e portanto projetos mec\u00e2nicos n\u00e3o s\u00e3o t\u00e3o f\u00e1ceis de implementar.<\/p>\n<div id=\"attachment_593\" style=\"width: 1690px\" class=\"wp-caption aligncenter\"><img loading=\"lazy\" decoding=\"async\" aria-describedby=\"caption-attachment-593\" class=\"size-full wp-image-593\" src=\"http:\/\/www.ludicon.com.br\/wp-content\/uploads\/SketchUp-1.jpg\" alt=\"\" width=\"1680\" height=\"1010\" srcset=\"https:\/\/www.ludicon.com.br\/wp-content\/uploads\/SketchUp-1.jpg 1680w, https:\/\/www.ludicon.com.br\/wp-content\/uploads\/SketchUp-1-300x180.jpg 300w, https:\/\/www.ludicon.com.br\/wp-content\/uploads\/SketchUp-1-1024x616.jpg 1024w\" sizes=\"auto, (max-width: 1680px) 100vw, 1680px\" \/><p id=\"caption-attachment-593\" class=\"wp-caption-text\">SketchUp &#8211; gratuito e com vers\u00e3o paga<\/p><\/div>\n<p>O software Tinkercad (desenvolvido pela Autodesk, baseado em navegador e totalmente gratuito) permite criar e editar facilmente objetos 3D e oferece facilidade de uso ao inv\u00e9s de alta precis\u00e3o, podendo ser usado facilmente por crian\u00e7as a partir de 8 anos (embora a Autodesk exija 13 anos para que uma crian\u00e7a possa ter uma conta pessoal) .<\/p>\n<div id=\"attachment_695\" style=\"width: 2890px\" class=\"wp-caption aligncenter\"><img loading=\"lazy\" decoding=\"async\" aria-describedby=\"caption-attachment-695\" class=\"wp-image-695 size-full\" src=\"http:\/\/www.ludicon.com.br\/wp-content\/uploads\/Tinkercad.png\" alt=\"\" width=\"2880\" height=\"1652\" srcset=\"https:\/\/www.ludicon.com.br\/wp-content\/uploads\/Tinkercad.png 2880w, https:\/\/www.ludicon.com.br\/wp-content\/uploads\/Tinkercad-300x172.png 300w, https:\/\/www.ludicon.com.br\/wp-content\/uploads\/Tinkercad-1024x587.png 1024w\" sizes=\"auto, (max-width: 2880px) 100vw, 2880px\" \/><p id=\"caption-attachment-695\" class=\"wp-caption-text\">Tinkercad &#8211; Online e gratuito, oferecido por Autodesk<\/p><\/div>\n<p>O Fusion360 (tamb\u00e9m da Autodesk) \u00e9 gratuito sob certas condi\u00e7\u00f5es, e \u00e9 extremamente poderoso e completo, permitindo desenho de precis\u00e3o com o uso de par\u00e2metros num\u00e9ricos para dimens\u00f5es, al\u00e9m de restri\u00e7\u00f5es para o confinamento\/alinhamento de entidades, e cada um desses par\u00e2metros permanece totalmente edit\u00e1vel, tornando muito simples as modifica\u00e7\u00f5es em um projeto.<\/p>\n<p>Os arquivos do usu\u00e1rio s\u00e3o armazenados em nuvem sem limita\u00e7\u00f5es, mas o software tem a op\u00e7\u00e3o de trabalho offline e armazenamento local j\u00e1 que o programa cliente fica residente no computador. Seus recursos s\u00e3o excelentes, pois al\u00e9m da precis\u00e3o esse software oferece recursos de deforma\u00e7\u00e3o direta puxando ou empurrando partes do objeto (escultura).<\/p>\n<p>N\u00e3o permite ainda o trabalho com coordenadas de forma direta como nos softwares estilo CAD, embora haja meios de contornar essa limita\u00e7\u00e3o.<\/p>\n<p>Atualmente inclui uma fun\u00e7\u00e3o muito \u00fatil, que at\u00e9 pouco tempo atr\u00e1s s\u00f3 existia em softwares muito caros, que \u00e9 a op\u00e7\u00e3o &#8220;sheet metal&#8221;, destinada a transformar um objeto s\u00f3lido em uma estrutura que possa ser cortada em chapas e montada por dobragem.<\/p>\n<p>Provavelmente seja a melhor op\u00e7\u00e3o dentro da fam\u00edlia de softwares de modelagem pagos (cerca de US$ 300,00 anuais).<\/p>\n<div id=\"attachment_589\" style=\"width: 1690px\" class=\"wp-caption aligncenter\"><img loading=\"lazy\" decoding=\"async\" aria-describedby=\"caption-attachment-589\" class=\"size-full wp-image-589\" src=\"http:\/\/www.ludicon.com.br\/wp-content\/uploads\/Fusion-360-1.jpg\" alt=\"\" width=\"1680\" height=\"1010\" srcset=\"https:\/\/www.ludicon.com.br\/wp-content\/uploads\/Fusion-360-1.jpg 1680w, https:\/\/www.ludicon.com.br\/wp-content\/uploads\/Fusion-360-1-300x180.jpg 300w, https:\/\/www.ludicon.com.br\/wp-content\/uploads\/Fusion-360-1-1024x616.jpg 1024w\" sizes=\"auto, (max-width: 1680px) 100vw, 1680px\" \/><p id=\"caption-attachment-589\" class=\"wp-caption-text\">Autodesk Fusion 360 &#8211; gratuito sob certas condi\u00e7\u00f5es<\/p><\/div>\n<p>O software Onshape \u00e9 muito semelhante ao fusion360, com a diferen\u00e7a de ser exclusivamente baseado em navegador, independente de plataforma e de dispositivo, mas que requer uma conex\u00e3o veloz de internet. Al\u00e9m disso, a vers\u00e3o gratuita implica em que todos os documentos criados ou enviados ser\u00e3o p\u00fablicos. No mais, tamb\u00e9m \u00e9 uma op\u00e7\u00e3o muito boa para uso em projetos que demandem precis\u00e3o. Sua vers\u00e3o paga custa cerca de US$ 100 mensais.<\/p>\n<div id=\"attachment_591\" style=\"width: 1690px\" class=\"wp-caption aligncenter\"><img loading=\"lazy\" decoding=\"async\" aria-describedby=\"caption-attachment-591\" class=\"size-full wp-image-591\" src=\"http:\/\/www.ludicon.com.br\/wp-content\/uploads\/Onshape-1.jpg\" alt=\"\" width=\"1680\" height=\"1010\" srcset=\"https:\/\/www.ludicon.com.br\/wp-content\/uploads\/Onshape-1.jpg 1680w, https:\/\/www.ludicon.com.br\/wp-content\/uploads\/Onshape-1-300x180.jpg 300w, https:\/\/www.ludicon.com.br\/wp-content\/uploads\/Onshape-1-1024x616.jpg 1024w\" sizes=\"auto, (max-width: 1680px) 100vw, 1680px\" \/><p id=\"caption-attachment-591\" class=\"wp-caption-text\">Onshape &#8211; exclusivamente em nuvem, e gratuito com limita\u00e7\u00f5es<\/p><\/div>\n<p>Uma op\u00e7\u00e3o totalmente gratuita e incrivelmente vers\u00e1til e poderosa \u00e9 o FreeCad, software open source que recebe melhorias frequentes da comunidade mundial de usu\u00e1rios. Apresenta uma enorme lista compatibilidade com formatos de entrada e sa\u00edda, al\u00e9m de ferramentas excelentes, apesar do visual &#8220;pobre&#8221;. Dispon\u00edvel para diversas plataformas.<\/p>\n<p>Sua grande vantagem, que deriva em boa parte dessa interface simples, \u00e9 que n\u00e3o necessita de um hardware extremamente poderoso, rodando perfeitamente em computadores simples. Al\u00e9m disso, o software tem a op\u00e7\u00e3o de n\u00e3o aplicar imediatamente as transforma\u00e7\u00f5es efetuadas \u00e0 renderiza\u00e7\u00e3o do projeto. O usu\u00e1rio pode executar diversos comandos em sequencia e s\u00f3 ent\u00e3o comandar a atualiza\u00e7\u00e3o da renderiza\u00e7\u00e3o.<\/p>\n<div id=\"attachment_588\" style=\"width: 1690px\" class=\"wp-caption aligncenter\"><img loading=\"lazy\" decoding=\"async\" aria-describedby=\"caption-attachment-588\" class=\"size-full wp-image-588\" src=\"http:\/\/www.ludicon.com.br\/wp-content\/uploads\/FreeCAD-1.jpg\" alt=\"\" width=\"1680\" height=\"1010\" srcset=\"https:\/\/www.ludicon.com.br\/wp-content\/uploads\/FreeCAD-1.jpg 1680w, https:\/\/www.ludicon.com.br\/wp-content\/uploads\/FreeCAD-1-300x180.jpg 300w, https:\/\/www.ludicon.com.br\/wp-content\/uploads\/FreeCAD-1-1024x616.jpg 1024w\" sizes=\"auto, (max-width: 1680px) 100vw, 1680px\" \/><p id=\"caption-attachment-588\" class=\"wp-caption-text\">FreeCAD &#8211; gratuito<\/p><\/div>\n<p>Dentro das op\u00e7\u00f5es pagas, uma op\u00e7\u00e3o interessante s\u00e3o os softwares Cubify Invent e Cubify Design que s\u00e3o uma vers\u00f5es limitadas do software Alibre Design. Tem um custo interessante (US$ 40,00 e US$ 300,00, respectivamente) e licen\u00e7a vital\u00edcia.<\/p>\n<p>Ambos permitem o projeto de partes em 3D com ferramentas excelentes e de f\u00e1cil utiliza\u00e7\u00e3o. A diferen\u00e7a entre eles \u00e9 que o Invent permite criar um \u00fanico objeto de cada vez, e o Design permite a cria\u00e7\u00e3o de diferentes objetos e seu agrupamento em montagens que inclusive podem reproduzir os movimentos e limita\u00e7\u00f5es mec\u00e2nicas do objeto representado.<\/p>\n<p>Ambos s\u00e3o f\u00e1ceis de usar embora tenham algumas limita\u00e7\u00f5es, a principal delas \u00e9 usar formato propriet\u00e1rio para os arquivos, e exportar apenas em formato STL. Esse software \u00e9 voltado especificamente para pessoas que adquiriram uma impressora 3D e que desejam criar seus pr\u00f3prios objetos, e que aceitem abrir m\u00e3o de outras formas de produ\u00e7\u00e3o de seus projetos.<\/p>\n<div id=\"attachment_587\" style=\"width: 1690px\" class=\"wp-caption aligncenter\"><img loading=\"lazy\" decoding=\"async\" aria-describedby=\"caption-attachment-587\" class=\"size-full wp-image-587\" src=\"http:\/\/www.ludicon.com.br\/wp-content\/uploads\/Cubify-Design-1.jpg\" alt=\"\" width=\"1680\" height=\"1010\" srcset=\"https:\/\/www.ludicon.com.br\/wp-content\/uploads\/Cubify-Design-1.jpg 1680w, https:\/\/www.ludicon.com.br\/wp-content\/uploads\/Cubify-Design-1-300x180.jpg 300w, https:\/\/www.ludicon.com.br\/wp-content\/uploads\/Cubify-Design-1-1024x616.jpg 1024w\" sizes=\"auto, (max-width: 1680px) 100vw, 1680px\" \/><p id=\"caption-attachment-587\" class=\"wp-caption-text\">Cubify Design &#8211; pago<\/p><\/div>\n<p>Aqui um exemplo de um projeto complexo, feito utilizando o software Fusion360. Trata-se de uma maquete em escala 1:4 de um equipamento de Mamografia. O projeto foi feito &#8220;do zero&#8221; a partir das medidas dos equipamentos fornecidas por manuais de fabricantes, e representa fielmente as propor\u00e7\u00f5es e fun\u00e7\u00f5es de um equipamento real, destinado ao uso pelos acad\u00eamicos de um curso de Biomedicina de Campo Grande &#8211; MS.<\/p>\n<p><img loading=\"lazy\" decoding=\"async\" class=\"aligncenter size-full wp-image-619\" src=\"http:\/\/www.ludicon.com.br\/wp-content\/uploads\/Projetos.jpg\" alt=\"\" width=\"1282\" height=\"962\" srcset=\"https:\/\/www.ludicon.com.br\/wp-content\/uploads\/Projetos.jpg 1282w, https:\/\/www.ludicon.com.br\/wp-content\/uploads\/Projetos-300x225.jpg 300w, https:\/\/www.ludicon.com.br\/wp-content\/uploads\/Projetos-1024x768.jpg 1024w\" sizes=\"auto, (max-width: 1282px) 100vw, 1282px\" \/><\/p>\n<p>Cada uma das partes foi projetada independentemente, e o conjunto de pe\u00e7as foi ent\u00e3o impresso em 3D e montado mediante a utiliza\u00e7\u00e3o de algumas partes met\u00e1licas adicionais, tamb\u00e9m produzidas artesanalmente.<\/p>\n<div id=\"attachment_672\" style=\"width: 3466px\" class=\"wp-caption aligncenter\"><img loading=\"lazy\" decoding=\"async\" aria-describedby=\"caption-attachment-672\" class=\"size-full wp-image-672\" src=\"http:\/\/www.ludicon.com.br\/wp-content\/uploads\/IMG_2585-e1488813153385.jpg\" alt=\"\" width=\"3456\" height=\"4608\" srcset=\"https:\/\/www.ludicon.com.br\/wp-content\/uploads\/IMG_2585-e1488813153385.jpg 3456w, https:\/\/www.ludicon.com.br\/wp-content\/uploads\/IMG_2585-e1488813153385-225x300.jpg 225w, https:\/\/www.ludicon.com.br\/wp-content\/uploads\/IMG_2585-e1488813153385-768x1024.jpg 768w\" sizes=\"auto, (max-width: 3456px) 100vw, 3456px\" \/><p id=\"caption-attachment-672\" class=\"wp-caption-text\">Maquete conclu\u00edda<\/p><\/div>\n","protected":false},"excerpt":{"rendered":"<p>Executamos Projetos de pe\u00e7as em CAD 3D e em softwares de Modelagem Param\u00e9trica a partir de desenho, especifica\u00e7\u00e3o, amostra (ou at\u00e9 atrav\u00e9s de um bom bate-papo) e tamb\u00e9m fazemos a modelagem de objetos f\u00edsicos para impress\u00e3o em 3D. Utilizamos diversas <a class=\"more-link\" href=\"https:\/\/www.ludicon.com.br\/index.php\/projetos\/\">Leia mais&#8230; &raquo;<\/a><\/p>\n","protected":false},"author":1,"featured_media":619,"parent":0,"menu_order":3,"comment_status":"closed","ping_status":"closed","template":"","meta":{"_exactmetrics_skip_tracking":false,"_exactmetrics_sitenote_active":false,"_exactmetrics_sitenote_note":"","_exactmetrics_sitenote_category":0,"footnotes":""},"class_list":["post-16","page","type-page","status-publish","has-post-thumbnail","hentry"],"_links":{"self":[{"href":"https:\/\/www.ludicon.com.br\/index.php\/wp-json\/wp\/v2\/pages\/16","targetHints":{"allow":["GET"]}}],"collection":[{"href":"https:\/\/www.ludicon.com.br\/index.php\/wp-json\/wp\/v2\/pages"}],"about":[{"href":"https:\/\/www.ludicon.com.br\/index.php\/wp-json\/wp\/v2\/types\/page"}],"author":[{"embeddable":true,"href":"https:\/\/www.ludicon.com.br\/index.php\/wp-json\/wp\/v2\/users\/1"}],"replies":[{"embeddable":true,"href":"https:\/\/www.ludicon.com.br\/index.php\/wp-json\/wp\/v2\/comments?post=16"}],"version-history":[{"count":74,"href":"https:\/\/www.ludicon.com.br\/index.php\/wp-json\/wp\/v2\/pages\/16\/revisions"}],"predecessor-version":[{"id":900,"href":"https:\/\/www.ludicon.com.br\/index.php\/wp-json\/wp\/v2\/pages\/16\/revisions\/900"}],"wp:featuredmedia":[{"embeddable":true,"href":"https:\/\/www.ludicon.com.br\/index.php\/wp-json\/wp\/v2\/media\/619"}],"wp:attachment":[{"href":"https:\/\/www.ludicon.com.br\/index.php\/wp-json\/wp\/v2\/media?parent=16"}],"curies":[{"name":"wp","href":"https:\/\/api.w.org\/{rel}","templated":true}]}}