{"id":18,"date":"2016-03-28T16:46:59","date_gmt":"2016-03-28T16:46:59","guid":{"rendered":"http:\/\/www.ludicon.com.br\/?page_id=18"},"modified":"2017-11-05T20:53:58","modified_gmt":"2017-11-05T20:53:58","slug":"sobre-a-ludicon","status":"publish","type":"page","link":"https:\/\/www.ludicon.com.br\/index.php\/sobre-a-ludicon\/","title":{"rendered":"Sobre a LUDICON"},"content":{"rendered":"<p class=\"western\" align=\"JUSTIFY\"><img loading=\"lazy\" decoding=\"async\" class=\"alignleft wp-image-374 size-medium\" src=\"http:\/\/www.ludicon.com.br\/wp-content\/uploads\/IMG_20141009_142448431-2-220x300.jpg\" alt=\"IMG_20141009_142448431 2\" width=\"220\" height=\"300\" srcset=\"https:\/\/www.ludicon.com.br\/wp-content\/uploads\/IMG_20141009_142448431-2-220x300.jpg 220w, https:\/\/www.ludicon.com.br\/wp-content\/uploads\/IMG_20141009_142448431-2.jpg 720w\" sizes=\"auto, (max-width: 220px) 100vw, 220px\" \/>A LUDICON \u00e9 uma tentativa de mostrar\u00a0\u00e0s\u00a0pessoas um pouco do que sou e daquilo que fa\u00e7o.<\/p>\n<p class=\"western\" align=\"JUSTIFY\">Meu nome \u00e9 Claudio, sou um Paulistano residente em Campo Grande, MS, desde 2001.<\/p>\n<p class=\"western\" align=\"JUSTIFY\">Nasci em 1962, sou autodidata em diversas \u00e1reas h\u00e1 mais de 40 anos e tenho forma\u00e7\u00e3o superior parcial em F\u00edsica e em Engenharia El\u00e9trica, mas mantenho um processo constante de aprendizado e reciclagem de conhecimentos. Para mim, aprender \u00e9 praticamente um v\u00edcio&#8230;<\/p>\n<p class=\"western\" align=\"JUSTIFY\">Sou Micro Empreendedor Individual, possuo maquin\u00e1rio pr\u00f3prio, trabalho sozinho e executo\u00a0servi\u00e7os \u00fanicos, diferenciados e incomuns, praticamente a n\u00edvel de Artes\u00e3o.<\/p>\n<p class=\"western\" align=\"JUSTIFY\">Sou extremamente exigente em termos de precis\u00e3o e acabamento das pe\u00e7as que projeto e produzo, mantendo um padr\u00e3o de qualidade que vai muito al\u00e9m da mera funcionalidade e um compromisso inabal\u00e1vel de fidelidade e confidencialidade para com cada um dos meus clientes (que na maioria dos casos acabam por tornarem-se meus amigos).<\/p>\n<p class=\"western\" align=\"JUSTIFY\">Gosto do desafio de solucionar problemas t\u00e9cnicos, desenvolver prot\u00f3tipos, adaptar tecnologias a novos usos.<\/p>\n<p class=\"western\" align=\"JUSTIFY\">A aquisi\u00e7\u00e3o de novos conhecimentos \u00e9 para mim uma atividade constante e prazerosa, que me permite transitar livremente entre diversas \u00e1reas t\u00e9cnicas, aprofundando-me em uma \u00e1rea espec\u00edfica quando necess\u00e1rio para me atualizar diante de um novo desafio.<\/p>\n<p class=\"western\" align=\"JUSTIFY\">Tenho\u00a0\u00f3timo\u00a0embasamento\u00a0em\u00a0F\u00edsica, Matem\u00e1tica e Mec\u00e2nica, excelente capacidade de comunica\u00e7\u00e3o t\u00e9cnica tanto em portugu\u00eas quanto em ingl\u00eas, grande familiaridade com diversos softwares de projeto mec\u00e2nico, desenho vetorial e modelagem param\u00e9trica em 3D e bons conhecimentos em Eletricidade e Eletr\u00f4nica Geral, Pl\u00e1sticos, Adesivos, Luminot\u00e9cnica,\u00a0e em diversas\u00a0outras especialidades.<\/p>\n<p class=\"western\" align=\"JUSTIFY\">Aliado a isso ofere\u00e7o\u00a0mais de 30 anos de experi\u00eancia em manuten\u00e7\u00e3o de campo abrangendo diversas \u00e1reas, o que me capacita a ter uma vis\u00e3o de conjunto dos problemas envolvidos no desenvolvimento de prot\u00f3tipos e de solu\u00e7\u00f5es que envolvam projeto, montagem, manuten\u00e7\u00e3o, instala\u00e7\u00e3o e produ\u00e7\u00e3o de novos dispositivos.<\/p>\n<p class=\"western\" align=\"JUSTIFY\">Atuo tamb\u00e9m na manuten\u00e7\u00e3o de mecanismos ou equipamentos para os quais n\u00e3o existam pe\u00e7as de reposi\u00e7\u00e3o ou que necessitem de adapta\u00e7\u00f5es, como restaura\u00e7\u00e3o de autom\u00f3veis e mecanismos antigos, aero\/automodelismo, brinquedos, etc.<\/p>\n<p class=\"western\" align=\"JUSTIFY\">Baseio meu trabalho em total transpar\u00eancia em rela\u00e7\u00e3o a custos e pre\u00e7os, bem como em fidelidade e sigilo garantidos a cada cliente, uma vez que grande parte do que produzo \u00e9 segredo empresarial e \u00e9\u00a0ou ser\u00e1 protegido por patentes.<\/p>\n<p class=\"western\" align=\"JUSTIFY\">Minha prioridade \u00e9 qualidade de vida antes de saldo banc\u00e1rio, e assim os pre\u00e7os de meus servi\u00e7os s\u00e3o mantidos os menores poss\u00edveis, normalmente baseados em quantidade de horas t\u00e9cnicas efetivamente despendidas.<\/p>\n<p class=\"western\" align=\"JUSTIFY\">Trabalho naquilo que realmente gosto de fazer, e portanto meu n\u00edvel de envolvimento com cada cliente e com cada etapa de um projeto \u00e9 intenso e muito gratificante. Me recuso terminantemente a executar servi\u00e7os que n\u00e3o atendam aos meus crit\u00e9rios de moral, \u00e9tica e legalidade.<\/p>\n<p class=\"western\" align=\"JUSTIFY\">Todos os softwares que utilizo s\u00e3o gratuitos, licenciados (comprados) ou possuem licen\u00e7a especial de utiliza\u00e7\u00e3o gratuita na qual minha atividade se enquadra. Todas as imagens do site foram produzidas por mim (exceto a do cabe\u00e7alho, que foi baixada da NASA, e \u00e9 de dom\u00ednio p\u00fablico). Todo o texto do site foi escrito por mim.<\/p>\n","protected":false},"excerpt":{"rendered":"<p>A LUDICON \u00e9 uma tentativa de mostrar\u00a0\u00e0s\u00a0pessoas um pouco do que sou e daquilo que fa\u00e7o. Meu nome \u00e9 Claudio, sou um Paulistano residente em Campo Grande, MS, desde 2001. Nasci em 1962, sou autodidata em diversas \u00e1reas h\u00e1 mais <a class=\"more-link\" href=\"https:\/\/www.ludicon.com.br\/index.php\/sobre-a-ludicon\/\">Leia mais&#8230; &raquo;<\/a><\/p>\n","protected":false},"author":1,"featured_media":0,"parent":0,"menu_order":10,"comment_status":"closed","ping_status":"closed","template":"","meta":{"_exactmetrics_skip_tracking":false,"_exactmetrics_sitenote_active":false,"_exactmetrics_sitenote_note":"","_exactmetrics_sitenote_category":0,"footnotes":""},"class_list":["post-18","page","type-page","status-publish","hentry"],"_links":{"self":[{"href":"https:\/\/www.ludicon.com.br\/index.php\/wp-json\/wp\/v2\/pages\/18","targetHints":{"allow":["GET"]}}],"collection":[{"href":"https:\/\/www.ludicon.com.br\/index.php\/wp-json\/wp\/v2\/pages"}],"about":[{"href":"https:\/\/www.ludicon.com.br\/index.php\/wp-json\/wp\/v2\/types\/page"}],"author":[{"embeddable":true,"href":"https:\/\/www.ludicon.com.br\/index.php\/wp-json\/wp\/v2\/users\/1"}],"replies":[{"embeddable":true,"href":"https:\/\/www.ludicon.com.br\/index.php\/wp-json\/wp\/v2\/comments?post=18"}],"version-history":[{"count":28,"href":"https:\/\/www.ludicon.com.br\/index.php\/wp-json\/wp\/v2\/pages\/18\/revisions"}],"predecessor-version":[{"id":714,"href":"https:\/\/www.ludicon.com.br\/index.php\/wp-json\/wp\/v2\/pages\/18\/revisions\/714"}],"wp:attachment":[{"href":"https:\/\/www.ludicon.com.br\/index.php\/wp-json\/wp\/v2\/media?parent=18"}],"curies":[{"name":"wp","href":"https:\/\/api.w.org\/{rel}","templated":true}]}}