{"id":796,"date":"2018-05-28T12:56:43","date_gmt":"2018-05-28T12:56:43","guid":{"rendered":"http:\/\/www.ludicon.com.br\/?page_id=796"},"modified":"2018-08-22T15:37:06","modified_gmt":"2018-08-22T15:37:06","slug":"conteudo-workshop-impressao-e-modelagem-3d","status":"publish","type":"page","link":"https:\/\/www.ludicon.com.br\/index.php\/cursos-e-palestras\/conteudo-workshop-impressao-e-modelagem-3d\/","title":{"rendered":"Workshop de Impress\u00e3o 3D e Modelagem b\u00e1sica &#8211; conte\u00fado"},"content":{"rendered":"<p><strong>INTRODU\u00c7\u00c3O AO PROCESSO DE FABRICA\u00c7\u00c3O 3D (7 horas de dura\u00e7\u00e3o)<br \/>\n<\/strong><\/p>\n<p>Apresenta\u00e7\u00e3o pessoal;<br \/>\nDefini\u00e7\u00e3o do termo Impress\u00e3o 3D e dos processos mais comuns. Breve hist\u00f3rico da impress\u00e3o 3D;<br \/>\nCaracter\u00edsticas b\u00e1sicas dos principais processos, limita\u00e7\u00f5es de cada processo e motivo da op\u00e7\u00e3o pelo processo FDM;<br \/>\nArquivos \u2013 pr\u00e9 requisitos para impress\u00e3o 3D, formatos de arquivos, fatiamento e convers\u00e3o do objeto 3D em G Code;<br \/>\nDetalhamento da Impressora 3D FDM (funcionando na sala), materiais e limita\u00e7\u00f5es do processo FDM;<br \/>\nAplica\u00e7\u00f5es da impress\u00e3o 3D em alguns campos;<br \/>\nDownload de arquivos prontos de portais na internet \u2013 gratuitos e pagos.<\/p>\n<p><strong>CRIA\u00c7\u00c3O DE OBJETOS 3D<br \/>\n<\/strong><\/p>\n<ul>\n<li>PROJETO 3D E MODELAGEM PARAM\u00c9TRICA<\/li>\n<\/ul>\n<p>Modelagem Param\u00e9trica \u2013 usa uma linha do tempo;<br \/>\nAs entidades criadas em softwares param\u00e9tricos permanecem totalmente edit\u00e1veis;<br \/>\nPagos, gratuitos com limita\u00e7\u00f5es, gratuitos, online e stand-alone.<\/p>\n<ul>\n<li>O PROJETO FREECAD<\/li>\n<\/ul>\n<p>Apresenta\u00e7\u00e3o do software FreeCad &#8211; open source e gratuito;<br \/>\nDesenvolvimento constante, grande variedade de ferramentas ;<br \/>\nComunidade de usu\u00e1rios colaborativa \u2013 esp\u00edrito do software livre;<br \/>\nRequer menos hardware em compara\u00e7\u00e3o a outros softwares;<br \/>\nGrande leque de formatos de arquivo de importa\u00e7\u00e3o\/exporta\u00e7\u00e3o;<br \/>\nM\u00f3dulos adicionais para diversas aplica\u00e7\u00f5es.<\/p>\n<ul>\n<li>FREECAD: PRIMEIRO CONTATO<\/li>\n<\/ul>\n<p>Interface;<br \/>\nConceitos b\u00e1sicos;<br \/>\nFerramentas principais.<\/p>\n<p><strong>FREECAD \u2013 NO\u00c7\u00d5ES B\u00c1SICAS \u2013 HANDS ON !<br \/>\n<\/strong><\/p>\n<ul>\n<li>PRIMEIRO CONTATO COM O PROGRAMA<\/li>\n<\/ul>\n<p>Exemplos modelagem de algumas pe\u00e7as simples;<\/p>\n<ul>\n<li>MODELAGEM DA PE\u00c7A-EXEMPLO<\/li>\n<\/ul>\n<p>Modelagem de uma pe\u00e7a no modo avan\u00e7ado;<br \/>\nExporta\u00e7\u00e3o para impress\u00e3o 3D.<\/p>\n<p><em>Opcional: traga seu pen-drive para salvar seus arquivos criados durante o curso.<\/em><\/p>\n<ul>\n<li>BATE-PAPO &#8211; O FUTURO \u2013 NOVAS PROFISS\u00d5ES<\/li>\n<\/ul>\n<p>Conceito de Emprego versus Trabalho e a modelagem 3D como profiss\u00e3o;<br \/>\nUso de tecnologia e a necessidade de aprendizado permanente;<br \/>\nBusca e filtragem de informa\u00e7\u00e3o;<br \/>\nEspa\u00e7o para perguntas e bate-papo;<br \/>\nEntrega das pe\u00e7as impressas em 3D;<br \/>\nEncerramento.<\/p>\n<hr \/>\n<p>AO FINAL DO CURSO O PARTICIPANTE SER\u00c1 CAPAZ DE:<\/p>\n<p>Diferenciar alguns dos tipos de impress\u00e3o 3D, suas vantagens e limita\u00e7\u00f5es;<\/p>\n<p>Operar uma impressora 3D de tecnologia FDM (filamento);<\/p>\n<p>Buscar e baixar objetos prontos ou customizados diretamente de portais na internet;<\/p>\n<p>Criar suas pr\u00f3prias pe\u00e7as para impress\u00e3o em 3D usando software gratuito;<\/p>\n<p>Estar mentalmente preparado para o surgimento de um novo ramo de atividade profissional.<\/p>\n<hr \/>\n<p>&nbsp;<\/p>\n","protected":false},"excerpt":{"rendered":"<p>INTRODU\u00c7\u00c3O AO PROCESSO DE FABRICA\u00c7\u00c3O 3D (7 horas de dura\u00e7\u00e3o) Apresenta\u00e7\u00e3o pessoal; Defini\u00e7\u00e3o do termo Impress\u00e3o 3D e dos processos mais comuns. Breve hist\u00f3rico da impress\u00e3o 3D; Caracter\u00edsticas b\u00e1sicas dos principais processos, limita\u00e7\u00f5es de cada processo e motivo da op\u00e7\u00e3o <a class=\"more-link\" href=\"https:\/\/www.ludicon.com.br\/index.php\/cursos-e-palestras\/conteudo-workshop-impressao-e-modelagem-3d\/\">Leia mais&#8230; &raquo;<\/a><\/p>\n","protected":false},"author":1,"featured_media":0,"parent":773,"menu_order":0,"comment_status":"closed","ping_status":"closed","template":"","meta":{"_exactmetrics_skip_tracking":false,"_exactmetrics_sitenote_active":false,"_exactmetrics_sitenote_note":"","_exactmetrics_sitenote_category":0,"footnotes":""},"class_list":["post-796","page","type-page","status-publish","hentry"],"_links":{"self":[{"href":"https:\/\/www.ludicon.com.br\/index.php\/wp-json\/wp\/v2\/pages\/796","targetHints":{"allow":["GET"]}}],"collection":[{"href":"https:\/\/www.ludicon.com.br\/index.php\/wp-json\/wp\/v2\/pages"}],"about":[{"href":"https:\/\/www.ludicon.com.br\/index.php\/wp-json\/wp\/v2\/types\/page"}],"author":[{"embeddable":true,"href":"https:\/\/www.ludicon.com.br\/index.php\/wp-json\/wp\/v2\/users\/1"}],"replies":[{"embeddable":true,"href":"https:\/\/www.ludicon.com.br\/index.php\/wp-json\/wp\/v2\/comments?post=796"}],"version-history":[{"count":19,"href":"https:\/\/www.ludicon.com.br\/index.php\/wp-json\/wp\/v2\/pages\/796\/revisions"}],"predecessor-version":[{"id":854,"href":"https:\/\/www.ludicon.com.br\/index.php\/wp-json\/wp\/v2\/pages\/796\/revisions\/854"}],"up":[{"embeddable":true,"href":"https:\/\/www.ludicon.com.br\/index.php\/wp-json\/wp\/v2\/pages\/773"}],"wp:attachment":[{"href":"https:\/\/www.ludicon.com.br\/index.php\/wp-json\/wp\/v2\/media?parent=796"}],"curies":[{"name":"wp","href":"https:\/\/api.w.org\/{rel}","templated":true}]}}