{"id":8,"date":"2016-03-28T16:44:32","date_gmt":"2016-03-28T16:44:32","guid":{"rendered":"http:\/\/www.ludicon.com.br\/?page_id=8"},"modified":"2017-11-05T20:52:44","modified_gmt":"2017-11-05T20:52:44","slug":"o-objetivo-da-ludicon","status":"publish","type":"page","link":"https:\/\/www.ludicon.com.br\/index.php\/o-objetivo-da-ludicon\/","title":{"rendered":"O objetivo da LUDICON"},"content":{"rendered":"<p>O objetivo deste site \u00e9 oferecer solu\u00e7\u00f5es locais, r\u00e1pidas e completas\u00a0para problemas incomuns, aqueles do tipo em que n\u00e3o se sabe nem por onde come\u00e7ar&#8230;<\/p>\n<p>Atividades tais como desenvolver um projeto ou prot\u00f3tipo a partir de uma simples id\u00e9ia ou oferecer consultoria, suporte\u00a0de usinagem e\u00a0montagem para a\u00a0viabiliza\u00e7\u00e3o de\u00a0projetos porventura\u00a0j\u00e1 existentes s\u00e3o nossa especialidade. Da mesma forma podemos auxiliar no processo de encontrar fornecedores e fabricantes para os componentes, seja no Brasil ou no exterior.<\/p>\n<p>Oferecemos servi\u00e7os para a Comunidade Maker\/Hacker, na forma de acesso a m\u00e1quinas e conhecimento especializados para a realiza\u00e7\u00e3o de projetos de forma individualizada e com seguran\u00e7a, aos moldes dos Fablab espalhados pelo mundo.<\/p>\n<p>Tamb\u00e9m oferecemos suporte no uso de softwares de modelagem 3D para a elabora\u00e7\u00e3o dos projetos, atendendo \u00e0queles que possuem uma ideia mas n\u00e3o conseguem coloc\u00e1-la em uma forma definida.<\/p>\n<p>Contudo, N\u00c3O oferecemos o uso direto do equipamento nos moldes &#8220;fa\u00e7a voc\u00ea mesmo&#8221; por quest\u00f5es de seguran\u00e7a, tanto do operador quanto das m\u00e1quinas, j\u00e1 que o uso dessas m\u00e1quinas e ferramentas exige conhecimento t\u00e9cnico e oferece enormes riscos ao operador (ou \u00e0s pr\u00f3prias m\u00e1quinas) se feito de forma incorreta.<\/p>\n<p>Entre em contato, voc\u00ea ficar\u00e1 surpreso com o que fazemos por aqui !<\/p>\n<div id=\"page\" class=\"hfeed site\">\n<div id=\"promotion-message\">\n<div class=\"wrapper\">\n<div class=\"section left\">\n<p><strong><em>&#8220;Do esbo\u00e7o rabiscado no guardanapo at\u00e9 o produto final, n\u00f3s podemos ajudar !&#8221;<\/em><\/strong><\/p>\n<\/div>\n<\/div>\n<\/div>\n<\/div>\n<p class=\"western\">\n","protected":false},"excerpt":{"rendered":"<p>O objetivo deste site \u00e9 oferecer solu\u00e7\u00f5es locais, r\u00e1pidas e completas\u00a0para problemas incomuns, aqueles do tipo em que n\u00e3o se sabe nem por onde come\u00e7ar&#8230; Atividades tais como desenvolver um projeto ou prot\u00f3tipo a partir de uma simples id\u00e9ia ou <a class=\"more-link\" href=\"https:\/\/www.ludicon.com.br\/index.php\/o-objetivo-da-ludicon\/\">Leia mais&#8230; &raquo;<\/a><\/p>\n","protected":false},"author":1,"featured_media":0,"parent":0,"menu_order":9,"comment_status":"closed","ping_status":"closed","template":"","meta":{"_exactmetrics_skip_tracking":false,"_exactmetrics_sitenote_active":false,"_exactmetrics_sitenote_note":"","_exactmetrics_sitenote_category":0,"footnotes":""},"class_list":["post-8","page","type-page","status-publish","hentry"],"_links":{"self":[{"href":"https:\/\/www.ludicon.com.br\/index.php\/wp-json\/wp\/v2\/pages\/8","targetHints":{"allow":["GET"]}}],"collection":[{"href":"https:\/\/www.ludicon.com.br\/index.php\/wp-json\/wp\/v2\/pages"}],"about":[{"href":"https:\/\/www.ludicon.com.br\/index.php\/wp-json\/wp\/v2\/types\/page"}],"author":[{"embeddable":true,"href":"https:\/\/www.ludicon.com.br\/index.php\/wp-json\/wp\/v2\/users\/1"}],"replies":[{"embeddable":true,"href":"https:\/\/www.ludicon.com.br\/index.php\/wp-json\/wp\/v2\/comments?post=8"}],"version-history":[{"count":19,"href":"https:\/\/www.ludicon.com.br\/index.php\/wp-json\/wp\/v2\/pages\/8\/revisions"}],"predecessor-version":[{"id":713,"href":"https:\/\/www.ludicon.com.br\/index.php\/wp-json\/wp\/v2\/pages\/8\/revisions\/713"}],"wp:attachment":[{"href":"https:\/\/www.ludicon.com.br\/index.php\/wp-json\/wp\/v2\/media?parent=8"}],"curies":[{"name":"wp","href":"https:\/\/api.w.org\/{rel}","templated":true}]}}